{"id":5180,"date":"2025-03-11T09:17:02","date_gmt":"2025-03-11T08:17:02","guid":{"rendered":"https:\/\/abrisol.acceseo.dev\/zone-pro\/"},"modified":"2025-06-09T12:20:21","modified_gmt":"2025-06-09T10:20:21","slug":"zone-pro","status":"publish","type":"page","link":"https:\/\/www.abrisol.net\/fr\/zone-pro\/","title":{"rendered":"Zone Pro"},"content":{"rendered":"\n<div class=\"wp-block-uagb-container uagb-block-bad347cb alignfull uagb-is-root-container\"><div class=\"uagb-container-inner-blocks-wrap\">\n<div class=\"wp-block-uagb-container uagb-block-a39c6a1f alignfull uagb-is-root-container\"><div class=\"uagb-container-inner-blocks-wrap\">\n<div class=\"wp-block-uagb-container uagb-block-9770b137\">\n<div class=\"wp-block-uagb-advanced-heading uagb-block-8b68840d\"><h1 class=\"uagb-heading-text\">Espace professionnel<\/h1><\/div>\n\n\n\n<div class=\"wp-block-uagb-advanced-heading uagb-block-bcf45d42\"><p class=\"uagb-heading-text\">Si vous \u00eates d\u00e9j\u00e0 membre de notre r\u00e9seau de partenaires, vous pouvez acc\u00e9der \u00e0 notre espace professionnel.<\/p><\/div>\n\n\n\n<div class=\"wp-block-uagb-buttons uagb-buttons__outer-wrap uagb-btn__default-btn uagb-btn-tablet__default-btn uagb-btn-mobile__default-btn uagb-block-ea94c48f\"><div class=\"uagb-buttons__wrap uagb-buttons-layout-wrap \">\n<div class=\"wp-block-uagb-buttons-child uagb-buttons__outer-wrap uagb-block-94417411 wp-block-button yellow-button\"><div class=\"uagb-button__wrapper\"><a class=\"uagb-buttons-repeater wp-block-button__link\" aria-label=\"\" href=\"https:\/\/www.abrisol.net\/fr\/zone-professionnelle-interne\/\" rel=\"follow noopener\" target=\"_self\" role=\"button\"><div class=\"uagb-button__link\">Acceso Espacio Pro<\/div><span class=\"uagb-button__icon uagb-button__icon-position-after\"><svg xmlns=\"https:\/\/www.w3.org\/2000\/svg\" viewBox=\"0 0 448 512\" aria-hidden=\"true\" focussable=\"false\"><path d=\"M438.6 278.6l-160 160C272.4 444.9 264.2 448 256 448s-16.38-3.125-22.62-9.375c-12.5-12.5-12.5-32.75 0-45.25L338.8 288H32C14.33 288 .0016 273.7 .0016 256S14.33 224 32 224h306.8l-105.4-105.4c-12.5-12.5-12.5-32.75 0-45.25s32.75-12.5 45.25 0l160 160C451.1 245.9 451.1 266.1 438.6 278.6z\"><\/path><\/svg><\/span><\/a><\/div><\/div>\n<\/div><\/div>\n<\/div>\n<\/div><\/div>\n\n\n\n<div class=\"wp-block-uagb-container uagb-block-6559925a alignfull uagb-is-root-container\"><div class=\"uagb-container-inner-blocks-wrap\">\n<div class=\"wp-block-uagb-container uagb-block-158ed66e\">\n<div class=\"wp-block-uagb-advanced-heading uagb-block-4fec3bd8\"><h2 class=\"uagb-heading-text\">Inscription espace professionnel<\/h2><\/div>\n\n\n\n<div class=\"wp-block-uagb-advanced-heading uagb-block-e91a94b4\"><p class=\"uagb-heading-text\">En tant que professionnel de la piscine, nous vous proposons un espace enti\u00e8rement gratuit et sans engagement o\u00f9 vous pourrez acc\u00e9der \u00e0 divers contenus num\u00e9riques et \u00e0 certains de nos services les plus sp\u00e9cifiques.<\/p><\/div>\n\n\n\n<div class=\"wp-block-uagb-container contact-container uagb-block-57753ed7\">\n<div class=\"wpcf7 no-js\" id=\"wpcf7-f11049-o1\" lang=\"fr-FR\" dir=\"ltr\" data-wpcf7-id=\"11049\">\n<div class=\"screen-reader-response\"><p role=\"status\" aria-live=\"polite\" aria-atomic=\"true\"><\/p> <ul><\/ul><\/div>\n<form action=\"\/fr\/wp-json\/wp\/v2\/pages\/5180#wpcf7-f11049-o1\" method=\"post\" class=\"wpcf7-form init\" aria-label=\"Formulaire de contact\" novalidate=\"novalidate\" data-status=\"init\">\n<fieldset class=\"hidden-fields-container\"><input type=\"hidden\" name=\"_wpcf7\" value=\"11049\" \/><input type=\"hidden\" name=\"_wpcf7_version\" value=\"6.1.5\" \/><input type=\"hidden\" name=\"_wpcf7_locale\" value=\"fr_FR\" \/><input type=\"hidden\" name=\"_wpcf7_unit_tag\" value=\"wpcf7-f11049-o1\" \/><input type=\"hidden\" name=\"_wpcf7_container_post\" value=\"0\" \/><input type=\"hidden\" name=\"_wpcf7_posted_data_hash\" value=\"\" \/><input type=\"hidden\" name=\"_wpcf7_recaptcha_response\" value=\"\" \/>\n<\/fieldset>\n<div class=\"general-container\">\n\t<div class=\"row\">\n\t\t<div class=\"column\">\n\t\t\t<p><span class=\"wpcf7-form-control-wrap\" data-name=\"nombre\"><input size=\"40\" maxlength=\"400\" class=\"wpcf7-form-control wpcf7-text wpcf7-validates-as-required\" aria-required=\"true\" aria-invalid=\"false\" placeholder=\"Nom *\" value=\"\" type=\"text\" name=\"nombre\" \/><\/span>\n\t\t\t<\/p>\n\t\t<\/div>\n\t\t<div class=\"column\">\n\t\t\t<p><span class=\"wpcf7-form-control-wrap\" data-name=\"correo\"><input size=\"40\" maxlength=\"400\" class=\"wpcf7-form-control wpcf7-email wpcf7-validates-as-required wpcf7-text wpcf7-validates-as-email\" aria-required=\"true\" aria-invalid=\"false\" placeholder=\"E-mail *\" value=\"\" type=\"email\" name=\"correo\" \/><\/span>\n\t\t\t<\/p>\n\t\t<\/div>\n\t<\/div>\n\t<div class=\"row\">\n\t\t<p><span class=\"wpcf7-form-control-wrap\" data-name=\"empresa\"><input size=\"40\" maxlength=\"400\" class=\"wpcf7-form-control wpcf7-text wpcf7-validates-as-required\" aria-required=\"true\" aria-invalid=\"false\" placeholder=\"Entreprise *\" value=\"\" type=\"text\" name=\"empresa\" \/><\/span>\n\t\t<\/p>\n\t<\/div>\n\t<div class=\"row\">\n\t\t<p><span class=\"wpcf7-form-control-wrap\" data-name=\"message\"><textarea cols=\"40\" rows=\"10\" maxlength=\"2000\" class=\"wpcf7-form-control wpcf7-textarea wpcf7-validates-as-required\" aria-required=\"true\" aria-invalid=\"false\" placeholder=\"Message\" name=\"message\"><\/textarea><\/span>\n\t\t<\/p>\n\t<\/div>\n\t<div class=\"row send-mesage\">\n\t\t<p><input class=\"wpcf7-form-control wpcf7-submit has-spinner\" type=\"submit\" value=\"Envoyer\" \/>\n\t\t<\/p>\n\t<\/div>\n<\/div><div class=\"wpcf7-response-output\" aria-hidden=\"true\"><\/div>\n<\/form>\n<\/div>\n\n<\/div>\n<\/div>\n<\/div><\/div>\n<\/div><\/div>\n","protected":false},"excerpt":{"rendered":"<p>Espace professionnel Si vous \u00eates d\u00e9j\u00e0 membre de notre r\u00e9seau de partenaires, vous pouvez acc\u00e9der \u00e0 notre espace professionnel. Inscription espace professionnel En tant que professionnel de la piscine, nous vous proposons un espace enti\u00e8rement gratuit et sans engagement o\u00f9 vous pourrez acc\u00e9der \u00e0 divers contenus num\u00e9riques et \u00e0 certains de nos services les plus [&hellip;]<\/p>\n","protected":false},"author":1,"featured_media":2635,"parent":0,"menu_order":25,"comment_status":"closed","ping_status":"closed","template":"","meta":{"_acf_changed":false,"_uag_custom_page_level_css":"","footnotes":""},"class_list":["post-5180","page","type-page","status-publish","has-post-thumbnail","hentry"],"acf":[],"spectra_custom_meta":{"rank_math_internal_links_processed":["1"],"_top_nav_excluded":[""],"_cms_nav_minihome":[""],"_wp_page_template":["default"],"_last_translation_edit_mode":["native-editor"],"_wpml_word_count":["71"],"_wpml_media_duplicate":["1"],"_wpml_media_featured":["1"],"_edit_lock":["1749464423:43"],"rank_math_seo_score":["13"],"_uag_custom_page_level_css":[""],"footnotes":[""],"_edit_last":["43"],"_thumbnail_id":["2635"],"_uag_css_file_name":["uag-css-5180.css"],"_uag_js_file_name":["uag-js-5180.js"]},"uagb_featured_image_src":{"full":["https:\/\/www.abrisol.net\/wp-content\/uploads\/2025\/03\/somos-fabricantes.png",420,250,false],"thumbnail":["https:\/\/www.abrisol.net\/wp-content\/uploads\/2025\/03\/somos-fabricantes-150x150.png",150,150,true],"medium":["https:\/\/www.abrisol.net\/wp-content\/uploads\/2025\/03\/somos-fabricantes-300x179.png",300,179,true],"medium_large":["https:\/\/www.abrisol.net\/wp-content\/uploads\/2025\/03\/somos-fabricantes.png",420,250,false],"large":["https:\/\/www.abrisol.net\/wp-content\/uploads\/2025\/03\/somos-fabricantes.png",420,250,false],"1536x1536":["https:\/\/www.abrisol.net\/wp-content\/uploads\/2025\/03\/somos-fabricantes.png",420,250,false],"2048x2048":["https:\/\/www.abrisol.net\/wp-content\/uploads\/2025\/03\/somos-fabricantes.png",420,250,false]},"uagb_author_info":{"display_name":"redaccion","author_link":"https:\/\/www.abrisol.net\/fr\/author\/redaccion\/"},"uagb_comment_info":0,"uagb_excerpt":"Espace professionnel Si vous \u00eates d\u00e9j\u00e0 membre de notre r\u00e9seau de partenaires, vous pouvez acc\u00e9der \u00e0 notre espace professionnel. Inscription espace professionnel En tant que professionnel de la piscine, nous vous proposons un espace enti\u00e8rement gratuit et sans engagement o\u00f9 vous pourrez acc\u00e9der \u00e0 divers contenus num\u00e9riques et \u00e0 certains de nos services les plus\u2026","_links":{"self":[{"href":"https:\/\/www.abrisol.net\/fr\/wp-json\/wp\/v2\/pages\/5180","targetHints":{"allow":["GET"]}}],"collection":[{"href":"https:\/\/www.abrisol.net\/fr\/wp-json\/wp\/v2\/pages"}],"about":[{"href":"https:\/\/www.abrisol.net\/fr\/wp-json\/wp\/v2\/types\/page"}],"author":[{"embeddable":true,"href":"https:\/\/www.abrisol.net\/fr\/wp-json\/wp\/v2\/users\/1"}],"replies":[{"embeddable":true,"href":"https:\/\/www.abrisol.net\/fr\/wp-json\/wp\/v2\/comments?post=5180"}],"version-history":[{"count":5,"href":"https:\/\/www.abrisol.net\/fr\/wp-json\/wp\/v2\/pages\/5180\/revisions"}],"predecessor-version":[{"id":9427,"href":"https:\/\/www.abrisol.net\/fr\/wp-json\/wp\/v2\/pages\/5180\/revisions\/9427"}],"wp:featuredmedia":[{"embeddable":true,"href":"https:\/\/www.abrisol.net\/fr\/wp-json\/wp\/v2\/media\/2635"}],"wp:attachment":[{"href":"https:\/\/www.abrisol.net\/fr\/wp-json\/wp\/v2\/media?parent=5180"}],"curies":[{"name":"wp","href":"https:\/\/api.w.org\/{rel}","templated":true}]}}